{"id":400,"date":"2018-09-11T10:15:50","date_gmt":"2018-09-11T10:15:50","guid":{"rendered":"http:\/\/sites.senat.ro\/?page_id=400"},"modified":"2025-07-22T12:38:56","modified_gmt":"2025-07-22T12:38:56","slug":"contact","status":"publish","type":"page","link":"https:\/\/sites.senat.ro\/?page_id=400","title":{"rendered":"Contact"},"content":{"rendered":"<p style=\"text-align: center;\"><span style=\"color: #0000ff;\"><em><strong>Buletin informativ<\/strong> <\/em><\/span><br \/>\n<span style=\"color: #0000ff;\"><em><strong>realizat de Secretariatul Grupului Rom\u00e2n al Uniunii Interparlamentare<\/strong><\/em><\/span><br \/>\n<span style=\"color: #0000ff;\"><em>cu sprijinul Direc\u0163iei Generale Cooperare Parlamentar\u0103 Extern\u0103 a Senatului <\/em><\/span><br \/>\n<span style=\"color: #0000ff;\"><em>\u015fi al Direc\u0163iei Generale Afaceri Externe \u0219i Protocol a Camerei Deputa\u0163ilor<\/em><\/span><\/p>\n<p style=\"text-align: center;\"><span style=\"color: #0000ff;\"><em><strong>Coordonator: Senator Ioan Stan, pre\u015fedintele Grupului Rom\u00e2n al Uniunii Interparlamentare<\/strong><\/em><\/span><br \/>\n<span style=\"color: #0000ff;\"><em>Colectiv redac\u0163ional: Lumini\u0163a Teodorel, Cosmina Moldovan, Anca Bradu<\/em><\/span><\/p>\n<p style=\"text-align: left;\"><strong>CONTACT:<\/strong><\/p>\n<p style=\"text-align: left;\"><strong>Secretariatul Grupului Rom\u00e2n al Uniunii Interparlamentare<br \/>\n<\/strong><\/p>\n<p style=\"text-align: left;\">Adresa: Senatul Rom\u00e2niei, Palatul Parlamentului, Calea 13 Septembrie nr. 1-3, Bucure\u015fti, Sector 5<strong><br \/>\n<\/strong>Tel.\/Fax: + 4 021.311.32.23; Tel: + 4 021.414.25.85; + 4 021.414.25.65<\/p>\n<p style=\"text-align: left;\">Email: <a href=\"mailto:mail:grui@senat.ro\">grui@senat.ro<\/a><\/p>\n<p style=\"text-align: left;\">Web site UIP: <a href=\"http:\/\/www.ipu.org\">www. ipu.org<\/a><\/p>\n","protected":false},"excerpt":{"rendered":"<p>Buletin informativ realizat de Secretariatul Grupului Rom\u00e2n al Uniunii Interparlamentare cu sprijinul Direc\u0163iei Generale Cooperare Parlamentar\u0103 Extern\u0103 a Senatului \u015fi al Direc\u0163iei Generale Afaceri Externe \u0219i Protocol a Camerei Deputa\u0163ilor Coordonator: Senator Ioan Stan, pre\u015fedintele Grupului Rom\u00e2n al Uniunii Interparlamentare Colectiv redac\u0163ional: Lumini\u0163a Teodorel, Cosmina Moldovan, Anca Bradu CONTACT: Secretariatul Grupului Rom\u00e2n al Uniunii Interparlamentare [&hellip;]<\/p>\n","protected":false},"author":1,"featured_media":0,"parent":0,"menu_order":0,"comment_status":"closed","ping_status":"closed","template":"","meta":{"ngg_post_thumbnail":0,"footnotes":""},"class_list":["post-400","page","type-page","status-publish","hentry"],"_links":{"self":[{"href":"https:\/\/sites.senat.ro\/index.php?rest_route=\/wp\/v2\/pages\/400","targetHints":{"allow":["GET"]}}],"collection":[{"href":"https:\/\/sites.senat.ro\/index.php?rest_route=\/wp\/v2\/pages"}],"about":[{"href":"https:\/\/sites.senat.ro\/index.php?rest_route=\/wp\/v2\/types\/page"}],"author":[{"embeddable":true,"href":"https:\/\/sites.senat.ro\/index.php?rest_route=\/wp\/v2\/users\/1"}],"replies":[{"embeddable":true,"href":"https:\/\/sites.senat.ro\/index.php?rest_route=%2Fwp%2Fv2%2Fcomments&post=400"}],"version-history":[{"count":1,"href":"https:\/\/sites.senat.ro\/index.php?rest_route=\/wp\/v2\/pages\/400\/revisions"}],"predecessor-version":[{"id":2835,"href":"https:\/\/sites.senat.ro\/index.php?rest_route=\/wp\/v2\/pages\/400\/revisions\/2835"}],"wp:attachment":[{"href":"https:\/\/sites.senat.ro\/index.php?rest_route=%2Fwp%2Fv2%2Fmedia&parent=400"}],"curies":[{"name":"wp","href":"https:\/\/api.w.org\/{rel}","templated":true}]}}